{"id":380,"date":"2025-03-27T11:27:39","date_gmt":"2025-03-27T11:27:39","guid":{"rendered":"https:\/\/green-hub.pt\/socios\/"},"modified":"2025-07-31T18:14:51","modified_gmt":"2025-07-31T18:14:51","slug":"socios","status":"publish","type":"page","link":"https:\/\/green-hub.pt\/es\/socios\/","title":{"rendered":"Socios"},"content":{"rendered":"\t\t<div data-elementor-type=\"wp-page\" data-elementor-id=\"380\" class=\"elementor elementor-380 elementor-18\" data-elementor-post-type=\"page\">\n\t\t\t\t<div class=\"elementor-element elementor-element-40a86cf e-flex e-con-boxed e-con e-parent\" data-id=\"40a86cf\" data-element_type=\"container\" data-e-type=\"container\">\n\t\t\t\t\t<div class=\"e-con-inner\">\n\t\t<div class=\"elementor-element elementor-element-4542c2a e-con-full e-flex e-con e-child\" data-id=\"4542c2a\" data-element_type=\"container\" data-e-type=\"container\">\n\t\t\t\t<div class=\"elementor-element elementor-element-73515ce elementor-widget elementor-widget-ucaddon_breadcrumbs_widget\" data-id=\"73515ce\" data-element_type=\"widget\" data-e-type=\"widget\" data-widget_type=\"ucaddon_breadcrumbs_widget.default\">\n\t\t\t\t<div class=\"elementor-widget-container\">\n\t\t\t\t\t\n<!-- start Breadcrumbs -->\n\t\t<link id='font-awesome-css' href='https:\/\/green-hub.pt\/wp-content\/plugins\/unlimited-elements-for-elementor-premium\/assets_libraries\/font-awesome6\/fontawesome-all.min.css' type='text\/css' rel='stylesheet' >\n\t\t<link id='font-awesome-4-shim-css' href='https:\/\/green-hub.pt\/wp-content\/plugins\/unlimited-elements-for-elementor-premium\/assets_libraries\/font-awesome6\/fontawesome-v4-shims.min.css' type='text\/css' rel='stylesheet' >\n\n<style>\/* widget: Breadcrumbs *\/\n\n#uc_breadcrumbs_widget_elementor_73515ce .uc-breadcrumbs-list {\n  margin: 0;\n  padding: 0;\n  display: flex;\n  flex-wrap: wrap;\n}\n#uc_breadcrumbs_widget_elementor_73515ce .uc-breadcrumbs-list li {\n  display: flex;\n  align-items: center;\n  list-style-type: none;\n}\n#uc_breadcrumbs_widget_elementor_73515ce .uc-item-title {\n    position: relative;\n    display: inline-flex;\n    justify-content: center;\n    align-items: center;\n}\n#uc_breadcrumbs_widget_elementor_73515ce .uc-item-title-inner{\n  display: flex;\n  align-items: center;\n}\n\n\n\n\n\n\n\n<\/style>\n\n\n                <div id=\"uc_breadcrumbs_widget_elementor_73515ce\" class=\"uc-breadcrumbs\">\n            <ul class=\"uc-breadcrumbs-list default\">\n                                                            <li class=\"uc-breadcrumb-item\">\n                            <a href=\"https:\/\/green-hub.pt\/es\/\" class=\"uc-item-title\">\n                              <span class=\"uc-item-title-inner\">\n                                                                                                Inicio\n                              <\/span>\n                            <\/a>\n                                                    <\/li>\n                                                <\/ul>\n        <\/div>\n    \n<!-- end Breadcrumbs -->\t\t\t\t<\/div>\n\t\t\t\t<\/div>\n\t\t\t\t<div class=\"elementor-element elementor-element-44f846e elementor-invisible elementor-widget elementor-widget-heading\" data-id=\"44f846e\" data-element_type=\"widget\" data-e-type=\"widget\" data-settings=\"{&quot;_animation&quot;:&quot;fadeInUp&quot;}\" data-widget_type=\"heading.default\">\n\t\t\t\t<div class=\"elementor-widget-container\">\n\t\t\t\t\t<h2 class=\"elementor-heading-title elementor-size-default\">Unidos por el desarrollo sostenible<\/h2>\t\t\t\t<\/div>\n\t\t\t\t<\/div>\n\t\t\t\t<\/div>\n\t\t<div class=\"elementor-element elementor-element-ee9c49b e-con-full e-flex e-con e-child\" data-id=\"ee9c49b\" data-element_type=\"container\" data-e-type=\"container\">\n\t\t\t\t<div class=\"elementor-element elementor-element-39f24f2 elementor-invisible elementor-widget elementor-widget-image\" data-id=\"39f24f2\" data-element_type=\"widget\" data-e-type=\"widget\" data-settings=\"{&quot;_animation&quot;:&quot;fadeIn&quot;,&quot;motion_fx_motion_fx_scrolling&quot;:&quot;yes&quot;,&quot;motion_fx_opacity_effect&quot;:&quot;yes&quot;,&quot;motion_fx_opacity_direction&quot;:&quot;in-out&quot;,&quot;motion_fx_opacity_range&quot;:{&quot;unit&quot;:&quot;%&quot;,&quot;size&quot;:&quot;&quot;,&quot;sizes&quot;:{&quot;start&quot;:70,&quot;end&quot;:100}},&quot;motion_fx_scale_effect&quot;:&quot;yes&quot;,&quot;motion_fx_scale_speed&quot;:{&quot;unit&quot;:&quot;px&quot;,&quot;size&quot;:-1,&quot;sizes&quot;:[]},&quot;motion_fx_scale_range&quot;:{&quot;unit&quot;:&quot;%&quot;,&quot;size&quot;:&quot;&quot;,&quot;sizes&quot;:{&quot;start&quot;:50,&quot;end&quot;:100}},&quot;motion_fx_opacity_level&quot;:{&quot;unit&quot;:&quot;px&quot;,&quot;size&quot;:10,&quot;sizes&quot;:[]},&quot;motion_fx_scale_direction&quot;:&quot;out-in&quot;,&quot;motion_fx_devices&quot;:[&quot;desktop&quot;,&quot;tablet&quot;,&quot;mobile&quot;]}\" data-widget_type=\"image.default\">\n\t\t\t\t<div class=\"elementor-widget-container\">\n\t\t\t\t\t\t\t\t\t\t\t\t\t\t\t<img loading=\"lazy\" decoding=\"async\" width=\"2048\" height=\"1715\" src=\"https:\/\/green-hub.pt\/wp-content\/uploads\/2025\/05\/graph-comp-10.png\" class=\"attachment-2048x2048 size-2048x2048 wp-image-372\" alt=\"\" srcset=\"https:\/\/green-hub.pt\/wp-content\/uploads\/2025\/05\/graph-comp-10.png 2048w, https:\/\/green-hub.pt\/wp-content\/uploads\/2025\/05\/graph-comp-10-300x251.png 300w, https:\/\/green-hub.pt\/wp-content\/uploads\/2025\/05\/graph-comp-10-1024x858.png 1024w, https:\/\/green-hub.pt\/wp-content\/uploads\/2025\/05\/graph-comp-10-768x643.png 768w, https:\/\/green-hub.pt\/wp-content\/uploads\/2025\/05\/graph-comp-10-1536x1286.png 1536w\" sizes=\"(max-width: 2048px) 100vw, 2048px\" \/>\t\t\t\t\t\t\t\t\t\t\t\t\t\t\t<\/div>\n\t\t\t\t<\/div>\n\t\t\t\t<\/div>\n\t\t\t\t\t<\/div>\n\t\t\t\t<\/div>\n\t\t<div class=\"elementor-element elementor-element-4f6fdd8 footer-spacer e-flex e-con-boxed e-con e-parent\" data-id=\"4f6fdd8\" data-element_type=\"container\" data-e-type=\"container\" data-settings=\"{&quot;background_background&quot;:&quot;gradient&quot;}\">\n\t\t\t\t\t<div class=\"e-con-inner\">\n\t\t\t\t<div class=\"elementor-element elementor-element-ab561ea elementor-widget elementor-widget-spacer\" data-id=\"ab561ea\" data-element_type=\"widget\" data-e-type=\"widget\" data-widget_type=\"spacer.default\">\n\t\t\t\t<div class=\"elementor-widget-container\">\n\t\t\t\t\t\t\t<div class=\"elementor-spacer\">\n\t\t\t<div class=\"elementor-spacer-inner\"><\/div>\n\t\t<\/div>\n\t\t\t\t\t\t<\/div>\n\t\t\t\t<\/div>\n\t\t\t\t\t<\/div>\n\t\t\t\t<\/div>\n\t\t<div class=\"elementor-element elementor-element-796a9a8 e-flex e-con-boxed e-con e-parent\" data-id=\"796a9a8\" data-element_type=\"container\" data-e-type=\"container\" data-settings=\"{&quot;background_background&quot;:&quot;gradient&quot;}\">\n\t\t\t\t\t<div class=\"e-con-inner\">\n\t\t<div class=\"elementor-element elementor-element-c6181e5 e-grid e-con-full e-con e-child\" data-id=\"c6181e5\" data-element_type=\"container\" data-e-type=\"container\">\n\t\t<div class=\"elementor-element elementor-element-549ae5d e-con-full e-flex e-con e-child\" data-id=\"549ae5d\" data-element_type=\"container\" data-e-type=\"container\">\n\t\t\t\t<div class=\"elementor-element elementor-element-06214b2 elementor-invisible elementor-widget elementor-widget-image\" data-id=\"06214b2\" data-element_type=\"widget\" data-e-type=\"widget\" data-settings=\"{&quot;_animation&quot;:&quot;fadeIn&quot;}\" data-widget_type=\"image.default\">\n\t\t\t\t<div class=\"elementor-widget-container\">\n\t\t\t\t\t\t\t\t\t\t\t\t\t\t\t<img loading=\"lazy\" decoding=\"async\" width=\"141\" height=\"70\" src=\"https:\/\/green-hub.pt\/wp-content\/uploads\/2025\/04\/logo-piep-white.svg\" class=\"attachment-full size-full wp-image-332\" alt=\"\" \/>\t\t\t\t\t\t\t\t\t\t\t\t\t\t\t<\/div>\n\t\t\t\t<\/div>\n\t\t\t\t<div class=\"elementor-element elementor-element-d320810 elementor-invisible elementor-widget elementor-widget-text-editor\" data-id=\"d320810\" data-element_type=\"widget\" data-e-type=\"widget\" data-settings=\"{&quot;_animation&quot;:&quot;fadeInUp&quot;}\" data-widget_type=\"text-editor.default\">\n\t\t\t\t<div class=\"elementor-widget-container\">\n\t\t\t\t\t\t\t\t\t<p>El P\u00f3lo de Inova\u00e7\u00e3o em Engenharia de Pol\u00edmeros (PIEP) es una asociaci\u00f3n de derecho privado, con matriz tecnol\u00f3gica y cient\u00edfica, y un modelo de gesti\u00f3n empresarial.<\/p>\n<p>Fundado el 13 de diciembre de 2000, por iniciativa de la industria y en estrecha colaboraci\u00f3n con el Departamento de Ingenier\u00eda de Pol\u00edmeros de la Universidad de Minho (DEP-UM) y el Instituto de Apoyo a las Peque\u00f1as y Medianas Empresas y a la Innovaci\u00f3n (IAPMEI), el PIEP tiene como objetivo dar una excelente respuesta en la entrega de productos y servicios de manera oportuna, orientados a las necesidades de I&amp;D+i de las empresas de los sectores del pl\u00e1stico y afines, a trav\u00e9s de actividades de innovaci\u00f3n, transferencia de tecnolog\u00eda, consultor\u00eda t\u00e9cnico-cient\u00edfica y prestaci\u00f3n de servicios.<\/p>\n<p>En general, PIEP proporciona servicios de pruebas y diagn\u00f3stico de fallas, desarrolla nuevos materiales y productos, procesa tecnolog\u00edas y herramientas de producci\u00f3n y promueve los principios del desarrollo sustentable (Econom\u00eda Circular y Medio Ambiente).<\/p>\n<p>El PIEP tambi\u00e9n tiene como objetivo contribuir a la formaci\u00f3n, apoyando el desarrollo de recursos humanos con capacidad y experiencia en innovaci\u00f3n industrial en el \u00e1rea de la ingenier\u00eda de pol\u00edmeros.<\/p>\t\t\t\t\t\t\t\t<\/div>\n\t\t\t\t<\/div>\n\t\t\t\t<div class=\"elementor-element elementor-element-ecf2687 elementor-invisible elementor-widget elementor-widget-button\" data-id=\"ecf2687\" data-element_type=\"widget\" data-e-type=\"widget\" data-settings=\"{&quot;_animation&quot;:&quot;fadeInUp&quot;}\" data-widget_type=\"button.default\">\n\t\t\t\t<div class=\"elementor-widget-container\">\n\t\t\t\t\t\t\t\t\t<div class=\"elementor-button-wrapper\">\n\t\t\t\t\t<a class=\"elementor-button elementor-button-link elementor-size-sm\" href=\"https:\/\/www.piep.pt\/\" target=\"_blank\" rel=\"nofollow\">\n\t\t\t\t\t\t<span class=\"elementor-button-content-wrapper\">\n\t\t\t\t\t\t\t\t\t<span class=\"elementor-button-text\">Saber m\u00e1s<\/span>\n\t\t\t\t\t<\/span>\n\t\t\t\t\t<\/a>\n\t\t\t\t<\/div>\n\t\t\t\t\t\t\t\t<\/div>\n\t\t\t\t<\/div>\n\t\t\t\t<\/div>\n\t\t<div class=\"elementor-element elementor-element-9d5f5d4 e-con-full e-flex e-con e-child\" data-id=\"9d5f5d4\" data-element_type=\"container\" data-e-type=\"container\">\n\t\t\t\t<div class=\"elementor-element elementor-element-26d5b4a elementor-invisible elementor-widget elementor-widget-image\" data-id=\"26d5b4a\" data-element_type=\"widget\" data-e-type=\"widget\" data-settings=\"{&quot;_animation&quot;:&quot;fadeIn&quot;}\" data-widget_type=\"image.default\">\n\t\t\t\t<div class=\"elementor-widget-container\">\n\t\t\t\t\t\t\t\t\t\t\t\t\t\t\t<img loading=\"lazy\" decoding=\"async\" width=\"511\" height=\"70\" src=\"https:\/\/green-hub.pt\/wp-content\/uploads\/2025\/04\/logo-xera-white.svg\" class=\"attachment-full size-full wp-image-334\" alt=\"\" \/>\t\t\t\t\t\t\t\t\t\t\t\t\t\t\t<\/div>\n\t\t\t\t<\/div>\n\t\t\t\t<div class=\"elementor-element elementor-element-456499f elementor-invisible elementor-widget elementor-widget-text-editor\" data-id=\"456499f\" data-element_type=\"widget\" data-e-type=\"widget\" data-settings=\"{&quot;_animation&quot;:&quot;fadeInUp&quot;}\" data-widget_type=\"text-editor.default\">\n\t\t\t\t<div class=\"elementor-widget-container\">\n\t\t\t\t\t\t\t\t\t<p>La Agencia Gallega de la Industria Forestal (XERA) es un organismo p\u00fablico aut\u00f3nomo, integrado en la consejer\u00eda competente en materia econ\u00f3mica e industrial, pero con personalidad jur\u00eddica propia, distinta de la Administraci\u00f3n General de la Comunidad Aut\u00f3noma de Galicia, con patrimonio y tesorer\u00eda propios y autonom\u00eda de gesti\u00f3n en los t\u00e9rminos que se definan en la ley.<\/p><p>La Agencia Gallega de la Industria Forestal tiene como objetivo actuar como un instrumento de gesti\u00f3n eficiente en el desempe\u00f1o de las funciones relacionadas con el fomento de la actividad econ\u00f3mica asociada a la industria forestal, con la mejora de la competitividad y la innovaci\u00f3n de las empresas del sector y con la coordinaci\u00f3n de los centros de investigaci\u00f3n y tecnolog\u00eda vinculados a la industria forestal.<\/p><p>En particular, la Agencia de la Industria Forestal de Galicia (XERA) perseguir\u00e1, entre otros, los siguientes objetivos: Mejorar la competitividad y la innovaci\u00f3n de las empresas del sector forestal desde la primera fase de transformaci\u00f3n de los recursos, con especial atenci\u00f3n a la segunda y posteriores fases; Fomentar el dise\u00f1o de productos derivados del bosque en la b\u00fasqueda de soluciones estructurales verdes que contribuyan al medio ambiente; Promover la creaci\u00f3n de empleo de calidad en el medio rural; Fomentar la mejora de la formaci\u00f3n y cualificaci\u00f3n del personal empleado en el sector forestal.<\/p>\t\t\t\t\t\t\t\t<\/div>\n\t\t\t\t<\/div>\n\t\t\t\t<div class=\"elementor-element elementor-element-b7db7da elementor-invisible elementor-widget elementor-widget-button\" data-id=\"b7db7da\" data-element_type=\"widget\" data-e-type=\"widget\" data-settings=\"{&quot;_animation&quot;:&quot;fadeInUp&quot;}\" data-widget_type=\"button.default\">\n\t\t\t\t<div class=\"elementor-widget-container\">\n\t\t\t\t\t\t\t\t\t<div class=\"elementor-button-wrapper\">\n\t\t\t\t\t<a class=\"elementor-button elementor-button-link elementor-size-sm\" href=\"https:\/\/xera.xunta.gal\/\" target=\"_blank\" rel=\"nofollow\">\n\t\t\t\t\t\t<span class=\"elementor-button-content-wrapper\">\n\t\t\t\t\t\t\t\t\t<span class=\"elementor-button-text\">Saber m\u00e1s<\/span>\n\t\t\t\t\t<\/span>\n\t\t\t\t\t<\/a>\n\t\t\t\t<\/div>\n\t\t\t\t\t\t\t\t<\/div>\n\t\t\t\t<\/div>\n\t\t\t\t<\/div>\n\t\t<div class=\"elementor-element elementor-element-29cbf7b e-con-full e-flex e-con e-child\" data-id=\"29cbf7b\" data-element_type=\"container\" data-e-type=\"container\">\n\t\t\t\t<div class=\"elementor-element elementor-element-3f1fb74 elementor-invisible elementor-widget elementor-widget-image\" data-id=\"3f1fb74\" data-element_type=\"widget\" data-e-type=\"widget\" data-settings=\"{&quot;_animation&quot;:&quot;fadeIn&quot;}\" data-widget_type=\"image.default\">\n\t\t\t\t<div class=\"elementor-widget-container\">\n\t\t\t\t\t\t\t\t\t\t\t\t\t\t\t<img loading=\"lazy\" decoding=\"async\" width=\"410\" height=\"70\" src=\"https:\/\/green-hub.pt\/wp-content\/uploads\/2025\/04\/logo-cei-white.svg\" class=\"attachment-full size-full wp-image-328\" alt=\"\" \/>\t\t\t\t\t\t\t\t\t\t\t\t\t\t\t<\/div>\n\t\t\t\t<\/div>\n\t\t\t\t<div class=\"elementor-element elementor-element-ef0841f elementor-invisible elementor-widget elementor-widget-text-editor\" data-id=\"ef0841f\" data-element_type=\"widget\" data-e-type=\"widget\" data-settings=\"{&quot;_animation&quot;:&quot;fadeInUp&quot;}\" data-widget_type=\"text-editor.default\">\n\t\t\t\t<div class=\"elementor-widget-container\">\n\t\t\t\t\t\t\t\t\t<p>La Direcci\u00f3n General de Planificaci\u00f3n Energ\u00e9tica y Minas (DXPEM) es un organismo dependiente de la Conseller\u00eda de Econom\u00eda e Industria de la Xunta de Galicia, responsable de la direcci\u00f3n, coordinaci\u00f3n, planificaci\u00f3n, ejecuci\u00f3n, seguimiento y control de las competencias y funciones de la Conseller\u00eda en materia de energ\u00eda, recursos minerales y aguas minerales y termales.<\/p><p>Se estructura en dos subdirecciones: La Subdirecci\u00f3n General de Planificaci\u00f3n Energ\u00e9tica y de Recursos, se centra en la planificaci\u00f3n, ordenaci\u00f3n y promoci\u00f3n de las infraestructuras, la eficiencia energ\u00e9tica y las energ\u00edas renovables, incluyendo la tramitaci\u00f3n de autorizaciones y la coordinaci\u00f3n con el Instituto Energ\u00e9tico de Galicia. (INEGA); La Subdirecci\u00f3n General de Recursos Minerales tiene como competencia la organizaci\u00f3n, fomento y control de la miner\u00eda gallega, la seguridad minera y la gesti\u00f3n de recursos como yacimientos y aguas termales, tendente al desarrollo sostenible del sector.<\/p>\t\t\t\t\t\t\t\t<\/div>\n\t\t\t\t<\/div>\n\t\t\t\t<div class=\"elementor-element elementor-element-a4c28ee elementor-invisible elementor-widget elementor-widget-button\" data-id=\"a4c28ee\" data-element_type=\"widget\" data-e-type=\"widget\" data-settings=\"{&quot;_animation&quot;:&quot;fadeInUp&quot;}\" data-widget_type=\"button.default\">\n\t\t\t\t<div class=\"elementor-widget-container\">\n\t\t\t\t\t\t\t\t\t<div class=\"elementor-button-wrapper\">\n\t\t\t\t\t<a class=\"elementor-button elementor-button-link elementor-size-sm\" href=\"https:\/\/economia.xunta.gal\/\" target=\"_blank\" rel=\"nofollow\">\n\t\t\t\t\t\t<span class=\"elementor-button-content-wrapper\">\n\t\t\t\t\t\t\t\t\t<span class=\"elementor-button-text\">Saber m\u00e1s<\/span>\n\t\t\t\t\t<\/span>\n\t\t\t\t\t<\/a>\n\t\t\t\t<\/div>\n\t\t\t\t\t\t\t\t<\/div>\n\t\t\t\t<\/div>\n\t\t\t\t<\/div>\n\t\t<div class=\"elementor-element elementor-element-01d2d49 e-con-full e-flex e-con e-child\" data-id=\"01d2d49\" data-element_type=\"container\" data-e-type=\"container\">\n\t\t\t\t<div class=\"elementor-element elementor-element-3ec7013 elementor-invisible elementor-widget elementor-widget-image\" data-id=\"3ec7013\" data-element_type=\"widget\" data-e-type=\"widget\" data-settings=\"{&quot;_animation&quot;:&quot;fadeIn&quot;}\" data-widget_type=\"image.default\">\n\t\t\t\t<div class=\"elementor-widget-container\">\n\t\t\t\t\t\t\t\t\t\t\t\t\t\t\t<img loading=\"lazy\" decoding=\"async\" width=\"103\" height=\"70\" src=\"https:\/\/green-hub.pt\/wp-content\/uploads\/2025\/04\/logo-ctag-white.svg\" class=\"attachment-full size-full wp-image-330\" alt=\"\" \/>\t\t\t\t\t\t\t\t\t\t\t\t\t\t\t<\/div>\n\t\t\t\t<\/div>\n\t\t\t\t<div class=\"elementor-element elementor-element-264c543 elementor-invisible elementor-widget elementor-widget-text-editor\" data-id=\"264c543\" data-element_type=\"widget\" data-e-type=\"widget\" data-settings=\"{&quot;_animation&quot;:&quot;fadeInUp&quot;}\" data-widget_type=\"text-editor.default\">\n\t\t\t\t<div class=\"elementor-widget-container\">\n\t\t\t\t\t\t\t\t\t<p>CTAG (Centro Tecnol\u00f3gico de Automoci\u00f3n de Galicia) es un centro tecnol\u00f3gico privado e independiente, dedicado a la excelencia cient\u00edfico-t\u00e9cnica, con m\u00e1s de 20 a\u00f1os de experiencia ofreciendo soluciones tecnol\u00f3gicas avanzadas para el sector de la automoci\u00f3n, el transporte y la movilidad.<\/p><p>CTAG participa tanto en la fase de desarrollo y dise\u00f1o de productos y procesos innovadores como en su producci\u00f3n y posterior lanzamiento industrial. Sus \u00e1reas estrat\u00e9gicas de actividad son los veh\u00edculos aut\u00f3nomos y conectados, la movilidad inteligente y limpia, los materiales innovadores y la industria del futuro.<\/p>\t\t\t\t\t\t\t\t<\/div>\n\t\t\t\t<\/div>\n\t\t\t\t<div class=\"elementor-element elementor-element-307c565 elementor-invisible elementor-widget elementor-widget-button\" data-id=\"307c565\" data-element_type=\"widget\" data-e-type=\"widget\" data-settings=\"{&quot;_animation&quot;:&quot;fadeInUp&quot;}\" data-widget_type=\"button.default\">\n\t\t\t\t<div class=\"elementor-widget-container\">\n\t\t\t\t\t\t\t\t\t<div class=\"elementor-button-wrapper\">\n\t\t\t\t\t<a class=\"elementor-button elementor-button-link elementor-size-sm\" href=\"https:\/\/ctag.com\/\" target=\"_blank\" rel=\"nofollow\">\n\t\t\t\t\t\t<span class=\"elementor-button-content-wrapper\">\n\t\t\t\t\t\t\t\t\t<span class=\"elementor-button-text\">Saber m\u00e1s<\/span>\n\t\t\t\t\t<\/span>\n\t\t\t\t\t<\/a>\n\t\t\t\t<\/div>\n\t\t\t\t\t\t\t\t<\/div>\n\t\t\t\t<\/div>\n\t\t\t\t<\/div>\n\t\t\t\t<\/div>\n\t\t\t\t\t<\/div>\n\t\t\t\t<\/div>\n\t\t<div class=\"elementor-element elementor-element-5c5e439 footer-spacer e-flex e-con-boxed e-con e-parent\" data-id=\"5c5e439\" data-element_type=\"container\" data-e-type=\"container\" data-settings=\"{&quot;background_background&quot;:&quot;classic&quot;}\">\n\t\t\t\t\t<div class=\"e-con-inner\">\n\t\t\t\t<div class=\"elementor-element elementor-element-1ac61dc elementor-widget elementor-widget-spacer\" data-id=\"1ac61dc\" data-element_type=\"widget\" data-e-type=\"widget\" data-widget_type=\"spacer.default\">\n\t\t\t\t<div class=\"elementor-widget-container\">\n\t\t\t\t\t\t\t<div class=\"elementor-spacer\">\n\t\t\t<div class=\"elementor-spacer-inner\"><\/div>\n\t\t<\/div>\n\t\t\t\t\t\t<\/div>\n\t\t\t\t<\/div>\n\t\t\t\t\t<\/div>\n\t\t\t\t<\/div>\n\t\t<div class=\"elementor-element elementor-element-f1075bc e-con-full footer-bg e-flex e-con e-parent\" data-id=\"f1075bc\" data-element_type=\"container\" data-e-type=\"container\" data-settings=\"{&quot;background_background&quot;:&quot;gradient&quot;}\">\n\t\t\t\t<div class=\"elementor-element elementor-element-3699cdb elementor-widget elementor-widget-html\" data-id=\"3699cdb\" data-element_type=\"widget\" data-e-type=\"widget\" data-widget_type=\"html.default\">\n\t\t\t\t<div class=\"elementor-widget-container\">\n\t\t\t\t\t<script>function handleFooterBg() {\r\n    const footer = document.querySelector('footer.elementor-location-footer');\r\n    \r\n    if (footer) {\r\n        const footerHeight = footer.offsetHeight;\r\n\r\n        const footerBg = document.querySelector('.footer-bg');\r\n\r\n        if (footerBg) {\r\n            footerBg.style.marginBottom = `-${footerHeight}px`;\r\n\r\n            footerBg.style.height = `${footerHeight}px`;\r\n        }\r\n    }\r\n}\r\n\r\ndocument.addEventListener('DOMContentLoaded', handleFooterBg);\r\n\r\nwindow.addEventListener('resize', handleFooterBg);\r\n\r\n<\/script>\t\t\t\t<\/div>\n\t\t\t\t<\/div>\n\t\t\t\t<\/div>\n\t\t\t\t<\/div>\n\t\t","protected":false},"excerpt":{"rendered":"<p>Inicio Unidos por el desarrollo sostenible El P\u00f3lo de Inova\u00e7\u00e3o em Engenharia de Pol\u00edmeros (PIEP) es una asociaci\u00f3n de derecho privado, con matriz tecnol\u00f3gica y cient\u00edfica, y un modelo de gesti\u00f3n empresarial. Fundado el 13 de diciembre de 2000, por iniciativa de la industria y en estrecha colaboraci\u00f3n con el Departamento de Ingenier\u00eda de Pol\u00edmeros [&hellip;]<\/p>\n","protected":false},"author":1,"featured_media":0,"parent":0,"menu_order":0,"comment_status":"closed","ping_status":"closed","template":"","meta":{"_acf_changed":false,"footnotes":""},"class_list":["post-380","page","type-page","status-publish","hentry"],"acf":[],"_links":{"self":[{"href":"https:\/\/green-hub.pt\/es\/wp-json\/wp\/v2\/pages\/380","targetHints":{"allow":["GET"]}}],"collection":[{"href":"https:\/\/green-hub.pt\/es\/wp-json\/wp\/v2\/pages"}],"about":[{"href":"https:\/\/green-hub.pt\/es\/wp-json\/wp\/v2\/types\/page"}],"author":[{"embeddable":true,"href":"https:\/\/green-hub.pt\/es\/wp-json\/wp\/v2\/users\/1"}],"replies":[{"embeddable":true,"href":"https:\/\/green-hub.pt\/es\/wp-json\/wp\/v2\/comments?post=380"}],"version-history":[{"count":0,"href":"https:\/\/green-hub.pt\/es\/wp-json\/wp\/v2\/pages\/380\/revisions"}],"wp:attachment":[{"href":"https:\/\/green-hub.pt\/es\/wp-json\/wp\/v2\/media?parent=380"}],"curies":[{"name":"wp","href":"https:\/\/api.w.org\/{rel}","templated":true}]}}